{"id":96,"date":"2018-03-12T21:21:02","date_gmt":"2018-03-12T20:21:02","guid":{"rendered":"http:\/\/lesbiopaniersdemareil.org\/?page_id=96"},"modified":"2019-04-09T10:02:39","modified_gmt":"2019-04-09T08:02:39","slug":"lhuile-dolive-2-fois-par-an","status":"publish","type":"page","link":"https:\/\/lesbiopaniersdemareil.org\/index.php\/produits\/lhuile-dolive-2-fois-par-an\/","title":{"rendered":"L&#8217;huile d&#8217;olive (2 fois par an)"},"content":{"rendered":"<p><strong>Responsable AMAP du contrat<\/strong> : Marie Tresse<\/p>\n<p><strong>\u00a0<\/strong><\/p>\n<p><strong>Pr\u00e9sentation du producteur :<\/strong><\/p>\n<p><img loading=\"lazy\" class=\"alignnone size-medium wp-image-459\" src=\"http:\/\/lesbiopaniersdemareil.org\/wp-content\/uploads\/2019\/02\/Oliviers-300x206.jpg\" alt=\"\" width=\"300\" height=\"206\" srcset=\"https:\/\/lesbiopaniersdemareil.org\/wp-content\/uploads\/2019\/02\/Oliviers-300x206.jpg 300w, https:\/\/lesbiopaniersdemareil.org\/wp-content\/uploads\/2019\/02\/Oliviers.jpg 387w\" sizes=\"(max-width: 300px) 100vw, 300px\" \/><\/p>\n<p>Produite sur l\u2019\u00eele de Zakynthos, situ\u00e9e dans la mer Ionienne, \u00e0 partir d\u2019olives de vari\u00e9t\u00e9 \u201ckorone\u00efka\u201d, cette huile est lab\u00e9lis\u00e9s bio depuis d\u00e9but 2012.<\/p>\n<p>Elle est r\u00e9colt\u00e9e et fabriqu\u00e9e de fa\u00e7on traditionnelle par <strong>Nikos<\/strong> (cueillette manuelle, pressage \u00e0 froid et d\u00e9cantage).<\/p>\n<p>6 \u00e0 7 kilos d&#8217;olives sont n\u00e9cessaires pour obtenir 1 litre d&#8217;huile, et un olivier peut produire 80 \u00e0 100 kg d\u2019olives par r\u00e9colte.<\/p>\n<p>Pour en d\u00e9couvrir plus\u00a0: www.elia-huiledolive.com<\/p>\n<p>\u00a0<img loading=\"lazy\" class=\"alignnone size-medium wp-image-458\" src=\"http:\/\/lesbiopaniersdemareil.org\/wp-content\/uploads\/2019\/02\/mmexport1488053869428-225x300.jpg\" alt=\"\" width=\"225\" height=\"300\" srcset=\"https:\/\/lesbiopaniersdemareil.org\/wp-content\/uploads\/2019\/02\/mmexport1488053869428-225x300.jpg 225w, https:\/\/lesbiopaniersdemareil.org\/wp-content\/uploads\/2019\/02\/mmexport1488053869428-768x1024.jpg 768w, https:\/\/lesbiopaniersdemareil.org\/wp-content\/uploads\/2019\/02\/mmexport1488053869428.jpg 960w\" sizes=\"(max-width: 225px) 100vw, 225px\" \/><\/p>\n<p><strong>Pr\u00e9sentation des produits :<\/strong><\/p>\n<p>L&#8217;huile d&#8217;olive est disponible en 3 formats de contenants : 1 litre, 3 litres ou 5 litres. Sont aussi propos\u00e9s\u00a0: des olives sous vides, du savon \u00e0 froid \u00e0 l&#8217;huile d&#8217;olive, du gel douche \u00e0 l&#8217;huile d&#8217;olive, de la lessive \u00e0 base de produits naturels.<\/p>\n<p><img loading=\"lazy\" class=\"alignnone size-full wp-image-457\" src=\"http:\/\/lesbiopaniersdemareil.org\/wp-content\/uploads\/2019\/02\/003L.jpg\" alt=\"\" width=\"198\" height=\"264\" \/><\/p>\n<p><strong>Commandes<\/strong>\u00a0: 2 fois par an (d\u00e9cembre et juin)<\/p>\n<p><a href=\"https:\/\/drive.google.com\/open?id=1yehGuExr1clADvDujZo9mO2-ejVOpQ3O\">Le Contrat<\/a><\/p>\n<p>\u00a0<\/p>\n<p>\u00a0<\/p>\n\n\n<p><\/p>\n","protected":false},"excerpt":{"rendered":"<p>Responsable AMAP du contrat : Marie Tresse \u00a0 Pr\u00e9sentation du producteur : Produite sur l\u2019\u00eele de Zakynthos, situ\u00e9e dans la mer Ionienne, \u00e0 partir d\u2019olives de vari\u00e9t\u00e9 \u201ckorone\u00efka\u201d, cette huile est lab\u00e9lis\u00e9s bio depuis d\u00e9but 2012. Elle est r\u00e9colt\u00e9e et fabriqu\u00e9e de fa\u00e7on traditionnelle par Nikos (cueillette manuelle, pressage \u00e0 froid et d\u00e9cantage). 6 \u00e0 &hellip; <\/p>\n<p class=\"link-more\"><a href=\"https:\/\/lesbiopaniersdemareil.org\/index.php\/produits\/lhuile-dolive-2-fois-par-an\/\" class=\"more-link\">Continue reading<span class=\"screen-reader-text\"> &#8220;L&#8217;huile d&#8217;olive (2 fois par an)&#8221;<\/span><\/a><\/p>\n","protected":false},"author":1,"featured_media":83,"parent":26,"menu_order":7,"comment_status":"closed","ping_status":"closed","template":"","meta":{"spay_email":""},"jetpack_sharing_enabled":true,"jetpack_shortlink":"https:\/\/wp.me\/Pai4cU-1y","_links":{"self":[{"href":"https:\/\/lesbiopaniersdemareil.org\/index.php\/wp-json\/wp\/v2\/pages\/96"}],"collection":[{"href":"https:\/\/lesbiopaniersdemareil.org\/index.php\/wp-json\/wp\/v2\/pages"}],"about":[{"href":"https:\/\/lesbiopaniersdemareil.org\/index.php\/wp-json\/wp\/v2\/types\/page"}],"author":[{"embeddable":true,"href":"https:\/\/lesbiopaniersdemareil.org\/index.php\/wp-json\/wp\/v2\/users\/1"}],"replies":[{"embeddable":true,"href":"https:\/\/lesbiopaniersdemareil.org\/index.php\/wp-json\/wp\/v2\/comments?post=96"}],"version-history":[{"count":4,"href":"https:\/\/lesbiopaniersdemareil.org\/index.php\/wp-json\/wp\/v2\/pages\/96\/revisions"}],"predecessor-version":[{"id":647,"href":"https:\/\/lesbiopaniersdemareil.org\/index.php\/wp-json\/wp\/v2\/pages\/96\/revisions\/647"}],"up":[{"embeddable":true,"href":"https:\/\/lesbiopaniersdemareil.org\/index.php\/wp-json\/wp\/v2\/pages\/26"}],"wp:featuredmedia":[{"embeddable":true,"href":"https:\/\/lesbiopaniersdemareil.org\/index.php\/wp-json\/wp\/v2\/media\/83"}],"wp:attachment":[{"href":"https:\/\/lesbiopaniersdemareil.org\/index.php\/wp-json\/wp\/v2\/media?parent=96"}],"curies":[{"name":"wp","href":"https:\/\/api.w.org\/{rel}","templated":true}]}}