{"id":88,"date":"2018-03-12T21:17:59","date_gmt":"2018-03-12T20:17:59","guid":{"rendered":"http:\/\/lesbiopaniersdemareil.org\/?page_id=88"},"modified":"2020-02-20T11:00:02","modified_gmt":"2020-02-20T10:00:02","slug":"les-champignons-tous-les-15-jours","status":"publish","type":"page","link":"https:\/\/lesbiopaniersdemareil.org\/index.php\/produits\/les-champignons-tous-les-15-jours\/","title":{"rendered":"Les champignons (tous les 15 jours)"},"content":{"rendered":"<p><strong><a href=\"http:\/\/blossom-lesbio.safeo.fr\/admin\/login.php\">Producteur<\/a><\/strong><\/p>\n<p>Angel MOIOLI nous propose 2 fois par mois d&#8217;octobre \u00e0 fin septembre, avec une coupure en juillet et ao\u00fbt, ses 3 vari\u00e9t\u00e9s de champignons : Paris, Shitakee et Pleurotte.<\/p>\n<p>Il est un des derniers champignonnistes d&#8217;Ile de France et vient r\u00e9cemment de quitter ses carri\u00e8res de Montesson apr\u00e8s 20 ans d&#8217;exploitation, pour s&#8217;agrandir en\u00a0 s&#8217;installant\u00a0 \u00e0 Evecquemont ( entre Triel et Meulan )<\/p>\n<p>Ses clients sont principalement des AMAP et des restaurateurs &#8230;<\/p>\n<p>Pr\u00e9sent tr\u00e8s souvent lors de nos distributions, il prend le temps de partager\u00a0 sa passion et nous rappelle que ses champignons ont besoin de 5 semaines pour arriver \u00e0 maturation, alors qu&#8217;il ne faut que 8 jours pour faire pousser un champignon bas de gamme &#8230;..<\/p>\n<p><strong>Tuteur :<\/strong> Brigitte Corroy<\/p>\n<p><a href=\"https:\/\/drive.google.com\/open?id=1uRBQyZuSwd8_8TgZQ3y8ju-oCrx9zD_n\">Le calendrier des distributions<\/a><\/p>\n<p><a href=\"https:\/\/drive.google.com\/open?id=1dTkTFC6YdxfGD3p8RIZgVwGFH7E6c-80\">Le contrat<\/a><\/p>\n","protected":false},"excerpt":{"rendered":"<p>Producteur Angel MOIOLI nous propose 2 fois par mois d&#8217;octobre \u00e0 fin septembre, avec une coupure en juillet et ao\u00fbt, ses 3 vari\u00e9t\u00e9s de champignons : Paris, Shitakee et Pleurotte. Il est un des derniers champignonnistes d&#8217;Ile de France et vient r\u00e9cemment de quitter ses carri\u00e8res de Montesson apr\u00e8s 20 ans d&#8217;exploitation, pour s&#8217;agrandir en\u00a0 &hellip; <\/p>\n<p class=\"link-more\"><a href=\"https:\/\/lesbiopaniersdemareil.org\/index.php\/produits\/les-champignons-tous-les-15-jours\/\" class=\"more-link\">Continue reading<span class=\"screen-reader-text\"> &#8220;Les champignons (tous les 15 jours)&#8221;<\/span><\/a><\/p>\n","protected":false},"author":1,"featured_media":85,"parent":26,"menu_order":3,"comment_status":"closed","ping_status":"closed","template":"","meta":{"spay_email":""},"jetpack_sharing_enabled":true,"jetpack_shortlink":"https:\/\/wp.me\/Pai4cU-1q","_links":{"self":[{"href":"https:\/\/lesbiopaniersdemareil.org\/index.php\/wp-json\/wp\/v2\/pages\/88"}],"collection":[{"href":"https:\/\/lesbiopaniersdemareil.org\/index.php\/wp-json\/wp\/v2\/pages"}],"about":[{"href":"https:\/\/lesbiopaniersdemareil.org\/index.php\/wp-json\/wp\/v2\/types\/page"}],"author":[{"embeddable":true,"href":"https:\/\/lesbiopaniersdemareil.org\/index.php\/wp-json\/wp\/v2\/users\/1"}],"replies":[{"embeddable":true,"href":"https:\/\/lesbiopaniersdemareil.org\/index.php\/wp-json\/wp\/v2\/comments?post=88"}],"version-history":[{"count":5,"href":"https:\/\/lesbiopaniersdemareil.org\/index.php\/wp-json\/wp\/v2\/pages\/88\/revisions"}],"predecessor-version":[{"id":1154,"href":"https:\/\/lesbiopaniersdemareil.org\/index.php\/wp-json\/wp\/v2\/pages\/88\/revisions\/1154"}],"up":[{"embeddable":true,"href":"https:\/\/lesbiopaniersdemareil.org\/index.php\/wp-json\/wp\/v2\/pages\/26"}],"wp:featuredmedia":[{"embeddable":true,"href":"https:\/\/lesbiopaniersdemareil.org\/index.php\/wp-json\/wp\/v2\/media\/85"}],"wp:attachment":[{"href":"https:\/\/lesbiopaniersdemareil.org\/index.php\/wp-json\/wp\/v2\/media?parent=88"}],"curies":[{"name":"wp","href":"https:\/\/api.w.org\/{rel}","templated":true}]}}