{"id":616,"date":"2019-04-08T22:37:31","date_gmt":"2019-04-08T20:37:31","guid":{"rendered":"http:\/\/lesbiopaniersdemareil.org\/?page_id=616"},"modified":"2019-04-10T11:06:35","modified_gmt":"2019-04-10T09:06:35","slug":"agneaux","status":"publish","type":"page","link":"https:\/\/lesbiopaniersdemareil.org\/index.php\/produits\/agneaux\/","title":{"rendered":"L&#8217;agneau"},"content":{"rendered":"\n<p>Marie-Claude Bernard est la productrice d\u2019agneau. Son entreprise, l\u2019EARL Le Grand Ch\u00eane \u00bb se trouve  \u00e0 Normandie, \u00e0 St Vaast d\u2019Equiqueville (Seine-Maritime), pr\u00e8s de Dieppe. Elle \u00e9l\u00e8ve des agneaux de  race \u00ab Black Sheep \u00bb, en agriculture biologique. Elle cultive elle-m\u00eame les c\u00e9r\u00e9ales et l\u00e9gumineuses  destin\u00e9es \u00e0 leur alimentation.<\/p>\n\n\n\n<ul class=\"wp-block-gallery columns-1 is-cropped\"><li class=\"blocks-gallery-item\"><figure><img loading=\"lazy\" width=\"768\" height=\"1024\" src=\"http:\/\/lesbiopaniersdemareil.org\/wp-content\/uploads\/2019\/04\/Photo-agneau-1-768x1024.jpeg\" alt=\"\" data-id=\"617\" data-link=\"http:\/\/lesbiopaniersdemareil.org\/?attachment_id=617\" class=\"wp-image-617\" srcset=\"https:\/\/lesbiopaniersdemareil.org\/wp-content\/uploads\/2019\/04\/Photo-agneau-1-768x1024.jpeg 768w, https:\/\/lesbiopaniersdemareil.org\/wp-content\/uploads\/2019\/04\/Photo-agneau-1-225x300.jpeg 225w, https:\/\/lesbiopaniersdemareil.org\/wp-content\/uploads\/2019\/04\/Photo-agneau-1.jpeg 1224w\" sizes=\"(max-width: 767px) 89vw, (max-width: 1000px) 54vw, (max-width: 1071px) 543px, 580px\" \/><\/figure><\/li><\/ul>\n\n\n\n<p><br> Elle propose des quarts d\u2019agneau \u00e0 la vente, sous forme de colis comprenant \u00e9paule ou gigot, plus  c\u00f4tes et collier, poitrine et saucisses (nature ou merguez). La viande est conditionn\u00e9e sous vide, les  grosses pi\u00e8ces (\u00e9paule et gigot) sont d\u00e9soss\u00e9es ou raccourcies \u00e0 la demande.<br><\/p>\n\n\n\n<p> En g\u00e9n\u00e9ral, deux livraisons sont propos\u00e9es au cours de l\u2019ann\u00e9e, une \u00e0 l\u2019automne (octobre\/novembre)  et une au printemps (avril\/mai), sauf probl\u00e8mes d\u2019agnelage.<br> Marie-Claude travaille avec notre AMAP depuis 2010. L\u2019agneau est savoureux, et tr\u00e8s appr\u00e9ci\u00e9 des  amapiens.<\/p>\n\n\n\n<p><br>Le tuteur de ce produit est <a href=\"mailto:francoise.toulemonde@gmail.com\">Fran\u00e7oise Toulemonde<\/a><\/p>\n\n\n\n<p><a href=\"https:\/\/drive.google.com\/open?id=19Huvm9DY7g8igtq4xL6tbn18UO_9AYbm\" target=\"_blank\" rel=\"noreferrer noopener\" aria-label=\"Le contrat (opens in a new tab)\">Le contrat<\/a><\/p>\n","protected":false},"excerpt":{"rendered":"<p>Marie-Claude Bernard est la productrice d\u2019agneau. Son entreprise, l\u2019EARL Le Grand Ch\u00eane \u00bb se trouve \u00e0 Normandie, \u00e0 St Vaast d\u2019Equiqueville (Seine-Maritime), pr\u00e8s de Dieppe. Elle \u00e9l\u00e8ve des agneaux de race \u00ab Black Sheep \u00bb, en agriculture biologique. Elle cultive elle-m\u00eame les c\u00e9r\u00e9ales et l\u00e9gumineuses destin\u00e9es \u00e0 leur alimentation. Elle propose des quarts d\u2019agneau \u00e0 &hellip; <\/p>\n<p class=\"link-more\"><a href=\"https:\/\/lesbiopaniersdemareil.org\/index.php\/produits\/agneaux\/\" class=\"more-link\">Continue reading<span class=\"screen-reader-text\"> &#8220;L&#8217;agneau&#8221;<\/span><\/a><\/p>\n","protected":false},"author":1,"featured_media":618,"parent":26,"menu_order":6,"comment_status":"closed","ping_status":"closed","template":"","meta":{"spay_email":""},"jetpack_sharing_enabled":true,"jetpack_shortlink":"https:\/\/wp.me\/Pai4cU-9W","_links":{"self":[{"href":"https:\/\/lesbiopaniersdemareil.org\/index.php\/wp-json\/wp\/v2\/pages\/616"}],"collection":[{"href":"https:\/\/lesbiopaniersdemareil.org\/index.php\/wp-json\/wp\/v2\/pages"}],"about":[{"href":"https:\/\/lesbiopaniersdemareil.org\/index.php\/wp-json\/wp\/v2\/types\/page"}],"author":[{"embeddable":true,"href":"https:\/\/lesbiopaniersdemareil.org\/index.php\/wp-json\/wp\/v2\/users\/1"}],"replies":[{"embeddable":true,"href":"https:\/\/lesbiopaniersdemareil.org\/index.php\/wp-json\/wp\/v2\/comments?post=616"}],"version-history":[{"count":3,"href":"https:\/\/lesbiopaniersdemareil.org\/index.php\/wp-json\/wp\/v2\/pages\/616\/revisions"}],"predecessor-version":[{"id":805,"href":"https:\/\/lesbiopaniersdemareil.org\/index.php\/wp-json\/wp\/v2\/pages\/616\/revisions\/805"}],"up":[{"embeddable":true,"href":"https:\/\/lesbiopaniersdemareil.org\/index.php\/wp-json\/wp\/v2\/pages\/26"}],"wp:featuredmedia":[{"embeddable":true,"href":"https:\/\/lesbiopaniersdemareil.org\/index.php\/wp-json\/wp\/v2\/media\/618"}],"wp:attachment":[{"href":"https:\/\/lesbiopaniersdemareil.org\/index.php\/wp-json\/wp\/v2\/media?parent=616"}],"curies":[{"name":"wp","href":"https:\/\/api.w.org\/{rel}","templated":true}]}}