{"id":17,"date":"2018-03-12T08:43:47","date_gmt":"2018-03-12T08:43:47","guid":{"rendered":"http:\/\/lesbiopaniersdemareil.org\/?page_id=17"},"modified":"2019-09-27T13:16:24","modified_gmt":"2019-09-27T11:16:24","slug":"about","status":"publish","type":"page","link":"https:\/\/lesbiopaniersdemareil.org\/index.php\/about\/","title":{"rendered":"Qui sommes nous"},"content":{"rendered":"<p>Une <strong>AMAP<\/strong> est une <strong>Association<\/strong> pour le <strong>Maintien<\/strong> d&#8217;une <strong>Agriculture <\/strong><strong>Paysanne. <\/strong>Elle a pour objectif de pr\u00e9server l&#8217;existence et la continuit\u00e9 des fermes de proximit\u00e9 dans une logique d&#8217;agriculture durable, socialement \u00e9quitable et \u00e9cologiquement saine &#8230;.<\/p>\n<p>en savoir plus sur les AMAP : <a href=\"http:\/\/miramap.org\/IMG\/pdf\/charte_des_amap_mars_2014-2.pdf\">la charte<\/a><\/p>\n<p>Vous avez la possibilit\u00e9 de contracter \u00e0 l&#8217;ann\u00e9e en direct avec un certain nombres de producteurs pour b\u00e9n\u00e9ficier r\u00e9guli\u00e8rement de ses produits. Vous aurez \u00e0 vous engager \u00e0 r\u00e9aliser un minimum de 4 distributions par an.<\/p>\n<p>Les distributions ont lieu tous les mercredi de 18h15 \u00e0 20h \u00e0 la maison des associations devant les tennis de Mareil.<\/p>\n<p>Adresse :<\/p>\n<p>Rue des bois Noirs<br \/>78750 MAREIL-MARLY<\/p>\n<p>Composition du bureau<br \/>Pr\u00e9sidente : Fr\u00e9d\u00e9rique Texier<br \/>Tr\u00e9sorier : Nicolas Chesnais<br \/>Secr\u00e9taire : Laetitia Helary<\/p>\n\n\n<figure class=\"wp-block-embed-youtube wp-block-embed is-type-video is-provider-youtube wp-embed-aspect-16-9 wp-has-aspect-ratio\"><div class=\"wp-block-embed__wrapper\">\n<span class=\"embed-youtube\" style=\"text-align:center; display: block;\"><iframe loading=\"lazy\" class=\"youtube-player\" width=\"525\" height=\"296\" src=\"https:\/\/www.youtube.com\/embed\/InzCLehe5sU?version=3&#038;rel=1&#038;showsearch=0&#038;showinfo=1&#038;iv_load_policy=1&#038;fs=1&#038;hl=en-US&#038;autohide=2&#038;wmode=transparent\" allowfullscreen=\"true\" style=\"border:0;\" sandbox=\"allow-scripts allow-same-origin allow-popups allow-presentation\"><\/iframe><\/span>\n<\/div><\/figure>\n","protected":false},"excerpt":{"rendered":"<p>Une AMAP est une Association pour le Maintien d&#8217;une Agriculture Paysanne. Elle a pour objectif de pr\u00e9server l&#8217;existence et la continuit\u00e9 des fermes de proximit\u00e9 dans une logique d&#8217;agriculture durable, socialement \u00e9quitable et \u00e9cologiquement saine &#8230;. en savoir plus sur les AMAP : la charte Vous avez la possibilit\u00e9 de contracter \u00e0 l&#8217;ann\u00e9e en direct &hellip; <\/p>\n<p class=\"link-more\"><a href=\"https:\/\/lesbiopaniersdemareil.org\/index.php\/about\/\" class=\"more-link\">Continue reading<span class=\"screen-reader-text\"> &#8220;Qui sommes nous&#8221;<\/span><\/a><\/p>\n","protected":false},"author":1,"featured_media":0,"parent":0,"menu_order":0,"comment_status":"closed","ping_status":"closed","template":"","meta":{"spay_email":""},"jetpack_sharing_enabled":true,"jetpack_shortlink":"https:\/\/wp.me\/Pai4cU-h","_links":{"self":[{"href":"https:\/\/lesbiopaniersdemareil.org\/index.php\/wp-json\/wp\/v2\/pages\/17"}],"collection":[{"href":"https:\/\/lesbiopaniersdemareil.org\/index.php\/wp-json\/wp\/v2\/pages"}],"about":[{"href":"https:\/\/lesbiopaniersdemareil.org\/index.php\/wp-json\/wp\/v2\/types\/page"}],"author":[{"embeddable":true,"href":"https:\/\/lesbiopaniersdemareil.org\/index.php\/wp-json\/wp\/v2\/users\/1"}],"replies":[{"embeddable":true,"href":"https:\/\/lesbiopaniersdemareil.org\/index.php\/wp-json\/wp\/v2\/comments?post=17"}],"version-history":[{"count":9,"href":"https:\/\/lesbiopaniersdemareil.org\/index.php\/wp-json\/wp\/v2\/pages\/17\/revisions"}],"predecessor-version":[{"id":959,"href":"https:\/\/lesbiopaniersdemareil.org\/index.php\/wp-json\/wp\/v2\/pages\/17\/revisions\/959"}],"wp:attachment":[{"href":"https:\/\/lesbiopaniersdemareil.org\/index.php\/wp-json\/wp\/v2\/media?parent=17"}],"curies":[{"name":"wp","href":"https:\/\/api.w.org\/{rel}","templated":true}]}}